{"id":522,"date":"2022-12-22T15:08:14","date_gmt":"2022-12-22T15:08:14","guid":{"rendered":"https:\/\/fascial-sportstherapy.at\/training\/?page_id=522"},"modified":"2022-12-22T16:24:54","modified_gmt":"2022-12-22T16:24:54","slug":"verletzungspraevention","status":"publish","type":"page","link":"https:\/\/fascial-sportstherapy.at\/training\/verletzungspraevention\/","title":{"rendered":"Verletzungspr\u00e4vention"},"content":{"rendered":"<div data-colibri-id=\"522-c1\" class=\"style-402 style-local-522-c1 position-relative\">\n  <!---->\n  <div data-colibri-component=\"section\" data-colibri-id=\"522-c2\" id=\"blank\" class=\"h-section h-section-global-spacing d-flex align-items-lg-center align-items-md-center align-items-center style-403 style-local-522-c2 position-relative\">\n    <!---->\n    <!---->\n    <div class=\"h-section-grid-container h-section-boxed-container\">\n      <!---->\n      <div data-colibri-id=\"522-c3\" class=\"h-row-container gutters-row-lg-2 gutters-row-md-2 gutters-row-0 gutters-row-v-lg-2 gutters-row-v-md-2 gutters-row-v-2 style-404 style-local-522-c3 position-relative\">\n        <!---->\n        <div class=\"h-row justify-content-lg-center justify-content-md-center justify-content-center align-items-lg-stretch align-items-md-stretch align-items-stretch gutters-col-lg-2 gutters-col-md-2 gutters-col-0 gutters-col-v-lg-2 gutters-col-v-md-2 gutters-col-v-2\">\n          <!---->\n          <div class=\"h-column h-column-container d-flex h-col-lg-auto h-col-md-auto h-col-auto style-406-outer style-local-522-c4-outer\">\n            <div data-colibri-id=\"522-c4\" class=\"d-flex h-flex-basis h-column__inner h-px-lg-2 h-px-md-2 h-px-2 v-inner-lg-2 v-inner-md-2 v-inner-2 style-406 style-local-522-c4 position-relative\">\n              <!---->\n              <!---->\n              <div class=\"w-100 h-y-container h-column__content h-column__v-align flex-basis-100 align-self-lg-start align-self-md-start align-self-start\">\n                <!---->\n                <div data-colibri-id=\"522-c5\" class=\"h-global-transition-all h-heading style-411 style-local-522-c5 position-relative h-element\">\n                  <!---->\n                  <div class=\"h-heading__outer style-411 style-local-522-c5\">\n                    <!---->\n                    <!---->\n                    <h1 class=\"\">Verletzungspr\u00e4vention<\/h1>\n                  <\/div>\n                <\/div>\n              <\/div>\n            <\/div>\n          <\/div>\n        <\/div>\n      <\/div>\n    <\/div>\n  <\/div>\n  <div data-colibri-component=\"section\" data-colibri-id=\"522-c10\" id=\"content\" class=\"h-section h-section-global-spacing d-flex align-items-lg-center align-items-md-center align-items-center style-486 style-local-522-c10 h-overflow-hidden position-relative\">\n    <!---->\n    <!---->\n    <div class=\"h-section-grid-container h-section-fluid-container\">\n      <!---->\n      <div data-colibri-id=\"522-c11\" class=\"h-row-container gutters-row-lg-0 gutters-row-md-0 gutters-row-2 gutters-row-v-lg-0 gutters-row-v-md-0 gutters-row-v-2 style-487 style-local-522-c11 position-relative\">\n        <!---->\n        <div class=\"h-row justify-content-lg-center justify-content-md-center justify-content-center align-items-lg-stretch align-items-md-stretch align-items-stretch gutters-col-lg-0 gutters-col-md-0 gutters-col-2 gutters-col-v-lg-0 gutters-col-v-md-0 gutters-col-v-2\">\n          <!---->\n          <div class=\"h-column h-column-container d-flex h-col-lg-auto h-col-md-auto h-col-auto style-488-outer style-local-522-c12-outer\">\n            <div data-colibri-id=\"522-c12\" class=\"d-flex h-flex-basis h-column__inner h-ui-empty-state-container h-px-lg-0 h-px-md-0 h-px-0 v-inner-lg-0 v-inner-md-0 v-inner-0 style-488 style-local-522-c12 position-relative\">\n              <!---->\n              <!---->\n              <div class=\"w-100 h-y-container h-column__content h-column__v-align flex-basis-100\">\n                <!---->\n              <\/div>\n            <\/div>\n          <\/div>\n          <div class=\"h-column h-column-container d-flex h-col-lg-auto h-col-md-auto h-col-auto style-489-outer style-local-522-c13-outer\">\n            <div data-colibri-id=\"522-c13\" class=\"d-flex h-flex-basis h-column__inner h-px-lg-0 h-px-md-0 h-px-0 v-inner-lg-0 v-inner-md-0 v-inner-0 style-489 style-local-522-c13 position-relative\">\n              <!---->\n              <!---->\n              <div class=\"w-100 h-y-container h-column__content h-column__v-align flex-basis-100 align-self-lg-start align-self-md-start align-self-start\">\n                <!---->\n                <div data-colibri-id=\"522-c14\" class=\"h-global-transition-all h-heading style-491 style-local-522-c14 position-relative h-element\">\n                  <!---->\n                  <div class=\"h-heading__outer style-491 style-local-522-c14\">\n                    <!---->\n                    <!---->\n                    <h2 class=\"\">Konzept<\/h2>\n                  <\/div>\n                <\/div>\n                <div data-colibri-id=\"522-c15\" class=\"h-text h-text-component style-492 style-local-522-c15 position-relative h-element\">\n                  <!---->\n                  <!---->\n                  <div class=\"\">\n                    <p><span style=\"font-weight: 400; font-size: 16px; font-family: Oswald; color: rgb(153, 153, 153);\">\u201eThe Best Ability is Availability\u201c nach diesem Motto arbeiten wir in unserem Verletzungsprophylaxe&nbsp;Programm. Verletzungsfreie Spieler haben nicht nur Gl\u00fcck. Mit speziellen Trainingsmethoden l\u00e4sst sich die Verletzungsanf\u00e4lligkeit deutlich senken.<\/span><\/p>\n                  <\/div>\n                <\/div>\n                <div data-colibri-id=\"522-c16\" class=\"h-row-container gutters-row-lg-2 gutters-row-md-2 gutters-row-0 gutters-row-v-lg-2 gutters-row-v-md-2 gutters-row-v-0 style-493 style-local-522-c16 position-relative\">\n                  <!---->\n                  <div class=\"h-row justify-content-lg-center justify-content-md-center justify-content-center align-items-lg-stretch align-items-md-stretch align-items-stretch gutters-col-lg-2 gutters-col-md-2 gutters-col-0 gutters-col-v-lg-2 gutters-col-v-md-2 gutters-col-v-0\">\n                    <!---->\n                    <div class=\"h-column h-column-container d-flex h-col-lg-6 h-col-md-6 h-col-6 style-494-outer style-local-522-c17-outer\">\n                      <div data-colibri-id=\"522-c17\" class=\"d-flex h-flex-basis h-column__inner h-px-lg-0 h-px-md-0 h-px-2 v-inner-lg-0 v-inner-md-0 v-inner-2 style-494 style-local-522-c17 position-relative\">\n                        <!---->\n                        <!---->\n                        <div class=\"w-100 h-y-container h-column__content h-column__v-align flex-basis-100 align-self-lg-start align-self-md-start align-self-start\">\n                          <!---->\n                          <div data-colibri-id=\"522-c18\" class=\"h-global-transition-all h-heading style-495 style-local-522-c18 position-relative h-element\">\n                            <!---->\n                            <div class=\"h-heading__outer style-495 style-local-522-c18\">\n                              <!---->\n                              <!---->\n                              <h5 class=\"\">ANZAHL DER EINHEITEN<\/h5>\n                            <\/div>\n                          <\/div>\n                          <div data-colibri-id=\"522-c19\" class=\"h-text h-text-component style-496 style-local-522-c19 position-relative h-element\">\n                            <!---->\n                            <!---->\n                            <div class=\"\">\n                              <p><span style=\"font-weight: 400; font-size: 16px; font-family: Oswald; color: rgb(153, 153, 153);\">Um die optimalen Trainingsergebnisse zu erzielen, empfehlen wir eine Dauer von 10 Einheiten.<\/span><\/p>\n                            <\/div>\n                          <\/div>\n                        <\/div>\n                      <\/div>\n                    <\/div>\n                    <div class=\"h-column h-column-container d-flex h-col-lg-6 h-col-md-6 h-col-6 style-494-outer style-local-522-c20-outer\">\n                      <div data-colibri-id=\"522-c20\" class=\"d-flex h-flex-basis h-column__inner h-px-lg-0 h-px-md-0 h-px-2 v-inner-lg-0 v-inner-md-0 v-inner-2 style-494 style-local-522-c20 position-relative\">\n                        <!---->\n                        <!---->\n                        <div class=\"w-100 h-y-container h-column__content h-column__v-align flex-basis-100 align-self-lg-start align-self-md-start align-self-start\">\n                          <!---->\n                          <div data-colibri-id=\"522-c21\" class=\"h-global-transition-all h-heading style-495 style-local-522-c21 position-relative h-element\">\n                            <!---->\n                            <div class=\"h-heading__outer style-495 style-local-522-c21\">\n                              <!---->\n                              <!---->\n                              <h5 class=\"\">TEAMTRAINING<\/h5>\n                            <\/div>\n                          <\/div>\n                          <div data-colibri-id=\"522-c22\" class=\"h-text h-text-component style-496 style-local-522-c22 position-relative h-element\">\n                            <!---->\n                            <!---->\n                            <div class=\"\">\n                              <p>Das Programm kann nat\u00fcrlich auch f\u00fcr Mannschaften gebucht werden.<\/p>\n                            <\/div>\n                          <\/div>\n                        <\/div>\n                      <\/div>\n                    <\/div>\n                    <div class=\"h-column h-column-container d-flex h-col-lg-6 h-col-md-6 h-col-6 style-494-outer style-local-522-c23-outer\">\n                      <div data-colibri-id=\"522-c23\" class=\"d-flex h-flex-basis h-column__inner h-px-lg-0 h-px-md-0 h-px-2 v-inner-lg-0 v-inner-md-0 v-inner-2 style-494 style-local-522-c23 position-relative\">\n                        <!---->\n                        <!---->\n                        <div class=\"w-100 h-y-container h-column__content h-column__v-align flex-basis-100 align-self-lg-start align-self-md-start align-self-start\">\n                          <!---->\n                          <div data-colibri-id=\"522-c24\" class=\"h-global-transition-all h-heading style-495 style-local-522-c24 position-relative h-element\">\n                            <!---->\n                            <div class=\"h-heading__outer style-495 style-local-522-c24\">\n                              <!---->\n                              <!---->\n                              <h5 class=\"\">TRAINING IN DER GRUPPE<\/h5>\n                            <\/div>\n                          <\/div>\n                          <div data-colibri-id=\"522-c25\" class=\"h-text h-text-component style-496 style-local-522-c25 position-relative h-element\">\n                            <!---->\n                            <!---->\n                            <div class=\"\">\n                              <p><span style=\"color: rgb(153, 153, 153); font-family: Oswald; font-size: 16px; font-weight: 400;\">Bring deine Kollegen mit! Beim Training in Gruppen wird die Motivation gesteigert. Au\u00dferdem gibt es f\u00fcr Gruppen einen Mengenrabat.<\/span><\/p>\n                            <\/div>\n                          <\/div>\n                        <\/div>\n                      <\/div>\n                    <\/div>\n                    <div class=\"h-column h-column-container d-flex h-col-lg-6 h-col-md-6 h-col-6 style-494-outer style-local-522-c26-outer\">\n                      <div data-colibri-id=\"522-c26\" class=\"d-flex h-flex-basis h-column__inner h-px-lg-0 h-px-md-0 h-px-2 v-inner-lg-0 v-inner-md-0 v-inner-2 style-494 style-local-522-c26 position-relative\">\n                        <!---->\n                        <!---->\n                        <div class=\"w-100 h-y-container h-column__content h-column__v-align flex-basis-100 align-self-lg-start align-self-md-start align-self-start\">\n                          <!---->\n                          <div data-colibri-id=\"522-c27\" class=\"h-global-transition-all h-heading style-495 style-local-522-c27 position-relative h-element\">\n                            <!---->\n                            <div class=\"h-heading__outer style-495 style-local-522-c27\">\n                              <!---->\n                              <!---->\n                              <h5 class=\"\">TERMINE &amp; PREISE<\/h5>\n                            <\/div>\n                          <\/div>\n                          <div data-colibri-id=\"522-c28\" class=\"h-text h-text-component style-496 style-local-522-c28 position-relative h-element\">\n                            <!---->\n                            <!---->\n                            <div class=\"\">\n                              <p><span style=\"color: rgb(153, 153, 153); font-family: Oswald; font-size: 16px; font-weight: 400;\">Kontaktier uns einfach, um weitere Informationen bez\u00fcglich Terminen und Preisen zu erhalten.<\/span><\/p>\n                            <\/div>\n                          <\/div>\n                        <\/div>\n                      <\/div>\n                    <\/div>\n                  <\/div>\n                <\/div>\n              <\/div>\n            <\/div>\n          <\/div>\n        <\/div>\n      <\/div>\n    <\/div>\n  <\/div>\n<\/div>","protected":false},"excerpt":{"rendered":"<p>Verletzungspr\u00e4vention Konzept \u201eThe Best Ability is Availability\u201c nach diesem Motto arbeiten wir in unserem Verletzungsprophylaxe&nbsp;Programm. Verletzungsfreie Spieler haben nicht nur Gl\u00fcck. Mit speziellen Trainingsmethoden l\u00e4sst sich die Verletzungsanf\u00e4lligkeit deutlich senken. ANZAHL DER EINHEITEN Um die optimalen Trainingsergebnisse zu erzielen, empfehlen wir eine Dauer von 10 Einheiten. TEAMTRAINING Das Programm kann nat\u00fcrlich auch f\u00fcr Mannschaften gebucht [&hellip;]<\/p>\n","protected":false},"author":1,"featured_media":0,"parent":0,"menu_order":0,"comment_status":"closed","ping_status":"closed","template":"page-templates\/full-width-page.php","meta":{"footnotes":""},"class_list":["post-522","page","type-page","status-publish","hentry"],"_links":{"self":[{"href":"https:\/\/fascial-sportstherapy.at\/training\/wp-json\/wp\/v2\/pages\/522","targetHints":{"allow":["GET"]}}],"collection":[{"href":"https:\/\/fascial-sportstherapy.at\/training\/wp-json\/wp\/v2\/pages"}],"about":[{"href":"https:\/\/fascial-sportstherapy.at\/training\/wp-json\/wp\/v2\/types\/page"}],"author":[{"embeddable":true,"href":"https:\/\/fascial-sportstherapy.at\/training\/wp-json\/wp\/v2\/users\/1"}],"replies":[{"embeddable":true,"href":"https:\/\/fascial-sportstherapy.at\/training\/wp-json\/wp\/v2\/comments?post=522"}],"version-history":[{"count":5,"href":"https:\/\/fascial-sportstherapy.at\/training\/wp-json\/wp\/v2\/pages\/522\/revisions"}],"predecessor-version":[{"id":755,"href":"https:\/\/fascial-sportstherapy.at\/training\/wp-json\/wp\/v2\/pages\/522\/revisions\/755"}],"wp:attachment":[{"href":"https:\/\/fascial-sportstherapy.at\/training\/wp-json\/wp\/v2\/media?parent=522"}],"curies":[{"name":"wp","href":"https:\/\/api.w.org\/{rel}","templated":true}]}}