{"id":444,"date":"2022-12-22T14:21:46","date_gmt":"2022-12-22T14:21:46","guid":{"rendered":"https:\/\/fascial-sportstherapy.at\/training\/?page_id=444"},"modified":"2024-12-29T10:19:05","modified_gmt":"2024-12-29T10:19:05","slug":"ueber-uns","status":"publish","type":"page","link":"https:\/\/fascial-sportstherapy.at\/training\/ueber-uns\/","title":{"rendered":"\u00dcber uns"},"content":{"rendered":"<div data-colibri-id=\"444-c1\" class=\"style-358 style-local-444-c1 position-relative\">\r\n  <!---->\r\n  <div data-colibri-component=\"section\" data-colibri-id=\"444-c2\" id=\"blank\" class=\"h-section h-section-global-spacing d-flex align-items-lg-center align-items-md-center align-items-center style-383 style-local-444-c2 position-relative\">\r\n    <!---->\r\n    <!---->\r\n    <div class=\"h-section-grid-container h-section-boxed-container\">\r\n      <!---->\r\n      <div data-colibri-id=\"444-c3\" class=\"h-row-container gutters-row-lg-2 gutters-row-md-2 gutters-row-0 gutters-row-v-lg-2 gutters-row-v-md-2 gutters-row-v-2 style-384 style-local-444-c3 position-relative\">\r\n        <!---->\r\n        <div class=\"h-row justify-content-lg-center justify-content-md-center justify-content-center align-items-lg-stretch align-items-md-stretch align-items-stretch gutters-col-lg-2 gutters-col-md-2 gutters-col-0 gutters-col-v-lg-2 gutters-col-v-md-2 gutters-col-v-2\">\r\n          <!---->\r\n          <div class=\"h-column h-column-container d-flex h-col-lg-auto h-col-md-auto h-col-auto style-386-outer style-local-444-c4-outer\">\r\n            <div data-colibri-id=\"444-c4\" class=\"d-flex h-flex-basis h-column__inner h-px-lg-2 h-px-md-2 h-px-2 v-inner-lg-2 v-inner-md-2 v-inner-2 style-386 style-local-444-c4 position-relative\">\r\n              <!---->\r\n              <!---->\r\n              <div class=\"w-100 h-y-container h-column__content h-column__v-align flex-basis-100 align-self-lg-start align-self-md-start align-self-start\">\r\n                <!---->\r\n                <div data-colibri-id=\"444-c5\" class=\"h-global-transition-all h-heading style-391 style-local-444-c5 position-relative h-element\">\r\n                  <!---->\r\n                  <div class=\"h-heading__outer style-391 style-local-444-c5\">\r\n                    <!---->\r\n                    <!---->\r\n                    <h1 class=\"\">\u00dcber uns<\/h1>\r\n                  <\/div>\r\n                <\/div>\r\n              <\/div>\r\n            <\/div>\r\n          <\/div>\r\n        <\/div>\r\n      <\/div>\r\n    <\/div>\r\n  <\/div>\r\n  <div data-colibri-component=\"section\" data-colibri-id=\"444-c10\" id=\"about\" class=\"h-section h-section-global-spacing d-flex align-items-lg-center align-items-md-center align-items-center style-360 style-local-444-c10 position-relative\">\r\n    <!---->\r\n    <!---->\r\n    <div class=\"h-section-grid-container h-section-boxed-container\">\r\n      <!---->\r\n      <div data-colibri-id=\"444-c11\" class=\"h-row-container gutters-row-lg-0 gutters-row-md-0 gutters-row-0 gutters-row-v-lg-0 gutters-row-v-md-0 gutters-row-v-0 style-361 style-local-444-c11 position-relative\">\r\n        <!---->\r\n        <div class=\"h-row justify-content-lg-center justify-content-md-center justify-content-center align-items-lg-stretch align-items-md-stretch align-items-stretch gutters-col-lg-0 gutters-col-md-0 gutters-col-0 gutters-col-v-lg-0 gutters-col-v-md-0 gutters-col-v-0\">\r\n          <!---->\r\n          <div class=\"h-column h-column-container d-flex h-col-lg-auto h-col-md-auto h-col-auto style-362-outer style-local-444-c12-outer\">\r\n            <div data-colibri-id=\"444-c12\" class=\"d-flex h-flex-basis h-column__inner h-px-lg-0 h-px-md-0 h-px-0 v-inner-lg-0 v-inner-md-0 v-inner-0 style-362 style-local-444-c12 position-relative\">\r\n              <!---->\r\n              <!---->\r\n              <div class=\"w-100 h-y-container h-column__content h-column__v-align flex-basis-100 align-self-lg-start align-self-md-start align-self-start\">\r\n                <!---->\r\n                <div data-colibri-id=\"444-c13\" class=\"h-global-transition-all h-heading style-363 style-local-444-c13 position-relative h-element\">\r\n                  <!---->\r\n                  <div class=\"h-heading__outer style-363 style-local-444-c13\">\r\n                    <!---->\r\n                    <!---->\r\n                    <h5 class=\"\">Unser Therapeut und Trainer<\/h5>\r\n                  <\/div>\r\n                <\/div>\r\n                <div data-colibri-id=\"444-c14\" class=\"h-global-transition-all h-heading style-364 style-local-444-c14 position-relative h-element\">\r\n                  <!---->\r\n                  <div class=\"h-heading__outer style-364 style-local-444-c14\">\r\n                    <!---->\r\n                    <!---->\r\n                    <h2 class=\"\">Mag. Christian Werdenich<\/h2>\r\n                  <\/div>\r\n                <\/div>\r\n                <div data-colibri-id=\"444-c15\" class=\"h-global-transition-all h-heading style-372 style-local-444-c15 position-relative h-element\">\r\n                  <!---->\r\n                  <div class=\"h-heading__outer style-372 style-local-444-c15\">\r\n                    <!---->\r\n                    <!---->\r\n                    <h3 class=\"\">Ausbildung<\/h3>\r\n                  <\/div>\r\n                <\/div>\r\n                <div data-colibri-id=\"444-c16\" class=\"h-text h-text-component style-365 style-local-444-c16 position-relative h-element\">\r\n                  <!---->\r\n                  <!---->\r\n                  <div class=\"\">\r\n                    <p>2019 staatlich gepr\u00fcfter Heilmasseur<\/p>\r\n                    <p>2017 medizinischer Masseur<\/p>\r\n                    <p>2015 Functional Trainer in M\u00fcnchen bei Perform Better Europe<\/p>\r\n                    <p>Myofascial Taping nach Markus Erhardt<\/p>\r\n                    <p><span style=\"font-size: 16px; font-family: &quot;Open Sans&quot;; color: rgb(153, 153, 153);\">2013 kitesurf Instructor&nbsp;<\/span><\/p>\r\n                    <p>2012 Gesundheitstrainer am Universit\u00e4ts Sportinstitut<\/p>\r\n                  <\/div>\r\n                <\/div>\r\n                <div data-colibri-id=\"444-c17\" class=\"h-global-transition-all h-heading style-373 style-local-444-c17 position-relative h-element\">\r\n                  <!---->\r\n                  <div class=\"h-heading__outer style-373 style-local-444-c17\">\r\n                    <!---->\r\n                    <!---->\r\n                    <h3 class=\"\">Zielgruppe und Angebote<\/h3>\r\n                  <\/div>\r\n                <\/div>\r\n                <div data-colibri-id=\"444-c18\" class=\"h-text h-text-component style-374 style-local-444-c18 position-relative h-element\">\r\n                  <!---->\r\n                  <!---->\r\n                  <div class=\"\">\r\n                    <p>Leistungssportler im Fu\u00dfball<\/p>\r\n                    <p>Gesundheitssport, Faszientrainings. Pilates, slacklinen, Nordic walking<\/p>\r\n                    <p>Performance Optimierung, Core Training, Verletzungspr\u00e4vention<\/p>\r\n                    <p>kitesurf Unterricht<\/p>\r\n                    <p>\r\n                      <br>\r\n                    <\/p>\r\n                    <p>\r\n                      <br>\r\n                    <\/p>\r\n                  <\/div>\r\n                <\/div>\r\n              <\/div>\r\n            <\/div>\r\n          <\/div>\r\n          <div class=\"h-column h-column-container d-flex h-col-lg-auto h-col-md-auto h-col-auto style-566-outer style-local-444-c19-outer\">\r\n            <div data-colibri-id=\"444-c19\" class=\"d-flex h-flex-basis h-column__inner h-px-lg-2 h-px-md-2 h-px-2 v-inner-lg-2 v-inner-md-2 v-inner-2 style-566 style-local-444-c19 position-relative\">\r\n              <!---->\r\n              <!---->\r\n              <div class=\"w-100 h-y-container h-column__content h-column__v-align flex-basis-100 align-self-lg-center align-self-md-center align-self-center\">\r\n                <!---->\r\n                <div data-colibri-id=\"444-c20\" class=\"d-block style-573 style-local-444-c20 position-relative h-element\">\r\n                  <!---->\r\n                  <div class=\"h-image__frame-container-outer\">\r\n                    <div class=\"h-image__frame-container\">\r\n                      <!---->\r\n                      <!---->\r\n                      <img loading=\"lazy\" decoding=\"async\" width=\"1308\" height=\"2000\" src=\"https:\/\/fascial-sportstherapy.at\/training\/wp-content\/uploads\/2023\/01\/image.jpeg\" class=\"wp-image-906 style-573-image style-local-444-c20-image\" alt=\"\" srcset=\"https:\/\/fascial-sportstherapy.at\/training\/wp-content\/uploads\/2023\/01\/image.jpeg 1308w, https:\/\/fascial-sportstherapy.at\/training\/wp-content\/uploads\/2023\/01\/image-196x300.jpeg 196w, https:\/\/fascial-sportstherapy.at\/training\/wp-content\/uploads\/2023\/01\/image-670x1024.jpeg 670w, https:\/\/fascial-sportstherapy.at\/training\/wp-content\/uploads\/2023\/01\/image-768x1174.jpeg 768w, https:\/\/fascial-sportstherapy.at\/training\/wp-content\/uploads\/2023\/01\/image-1005x1536.jpeg 1005w\" sizes=\"auto, (max-width: 1308px) 100vw, 1308px\" \/>\r\n                      <div class=\"h-image__frame h-hide-lg h-hide-md h-hide-sm style-573-frameImage style-local-444-c20-frameImage\"><\/div>\r\n                    <\/div>\r\n                  <\/div>\r\n                <\/div>\r\n                <div data-colibri-id=\"444-c21\" class=\"d-block style-637 style-local-444-c21 position-relative h-element\">\r\n                  <!---->\r\n                  <div class=\"h-image__frame-container-outer\">\r\n                    <div class=\"h-image__frame-container\">\r\n                      <!---->\r\n                      <!---->\r\n                      <img loading=\"lazy\" decoding=\"async\" width=\"2560\" height=\"1707\" src=\"https:\/\/fascial-sportstherapy.at\/training\/wp-content\/uploads\/2023\/01\/cropped-IMG_0143-scaled-2.jpeg\" class=\"wp-image-904 style-637-image style-local-444-c21-image\" alt=\"\" srcset=\"https:\/\/fascial-sportstherapy.at\/training\/wp-content\/uploads\/2023\/01\/cropped-IMG_0143-scaled-2.jpeg 2560w, https:\/\/fascial-sportstherapy.at\/training\/wp-content\/uploads\/2023\/01\/cropped-IMG_0143-scaled-2-300x200.jpeg 300w, https:\/\/fascial-sportstherapy.at\/training\/wp-content\/uploads\/2023\/01\/cropped-IMG_0143-scaled-2-1024x683.jpeg 1024w, https:\/\/fascial-sportstherapy.at\/training\/wp-content\/uploads\/2023\/01\/cropped-IMG_0143-scaled-2-768x512.jpeg 768w, https:\/\/fascial-sportstherapy.at\/training\/wp-content\/uploads\/2023\/01\/cropped-IMG_0143-scaled-2-1536x1024.jpeg 1536w, https:\/\/fascial-sportstherapy.at\/training\/wp-content\/uploads\/2023\/01\/cropped-IMG_0143-scaled-2-2048x1366.jpeg 2048w\" sizes=\"auto, (max-width: 2560px) 100vw, 2560px\" \/>\r\n                      <div class=\"h-image__frame h-hide-lg h-hide-md h-hide-sm style-637-frameImage style-local-444-c21-frameImage\"><\/div>\r\n                    <\/div>\r\n                  <\/div>\r\n                <\/div>\r\n              <\/div>\r\n            <\/div>\r\n          <\/div>\r\n        <\/div>\r\n      <\/div>\r\n    <\/div>\r\n  <\/div>\r\n<\/div>","protected":false},"excerpt":{"rendered":"<p>\u00dcber uns Unser Therapeut und Trainer Mag. Christian Werdenich Ausbildung 2019 staatlich gepr\u00fcfter Heilmasseur 2017 medizinischer Masseur 2015 Functional Trainer in M\u00fcnchen bei Perform Better Europe Myofascial Taping nach Markus Erhardt 2013 kitesurf Instructor&nbsp; 2012 Gesundheitstrainer am Universit\u00e4ts Sportinstitut Zielgruppe und Angebote Leistungssportler im Fu\u00dfball Gesundheitssport, Faszientrainings. Pilates, slacklinen, Nordic walking Performance Optimierung, Core Training, [&hellip;]<\/p>\n","protected":false},"author":1,"featured_media":0,"parent":0,"menu_order":0,"comment_status":"closed","ping_status":"closed","template":"page-templates\/full-width-page.php","meta":{"footnotes":""},"class_list":["post-444","page","type-page","status-publish","hentry"],"_links":{"self":[{"href":"https:\/\/fascial-sportstherapy.at\/training\/wp-json\/wp\/v2\/pages\/444","targetHints":{"allow":["GET"]}}],"collection":[{"href":"https:\/\/fascial-sportstherapy.at\/training\/wp-json\/wp\/v2\/pages"}],"about":[{"href":"https:\/\/fascial-sportstherapy.at\/training\/wp-json\/wp\/v2\/types\/page"}],"author":[{"embeddable":true,"href":"https:\/\/fascial-sportstherapy.at\/training\/wp-json\/wp\/v2\/users\/1"}],"replies":[{"embeddable":true,"href":"https:\/\/fascial-sportstherapy.at\/training\/wp-json\/wp\/v2\/comments?post=444"}],"version-history":[{"count":20,"href":"https:\/\/fascial-sportstherapy.at\/training\/wp-json\/wp\/v2\/pages\/444\/revisions"}],"predecessor-version":[{"id":951,"href":"https:\/\/fascial-sportstherapy.at\/training\/wp-json\/wp\/v2\/pages\/444\/revisions\/951"}],"wp:attachment":[{"href":"https:\/\/fascial-sportstherapy.at\/training\/wp-json\/wp\/v2\/media?parent=444"}],"curies":[{"name":"wp","href":"https:\/\/api.w.org\/{rel}","templated":true}]}}